{"id":731,"date":"2022-08-19T13:34:13","date_gmt":"2022-08-19T16:34:13","guid":{"rendered":"https:\/\/zeplineng.com.br\/?page_id=731"},"modified":"2022-08-19T14:03:24","modified_gmt":"2022-08-19T17:03:24","slug":"politica-de-privacidade","status":"publish","type":"page","link":"https:\/\/zeplineng.com.br\/es\/politica-de-privacidade\/","title":{"rendered":"Pol\u00edtica de Privacidade"},"content":{"rendered":"<p><strong>ZEPLIN DIVULGA ESTA POL\u00cdTICA DEMOSTRANDO LA OBLIGACI\u00d3N DE LA EMPRESA CON LA PRIVACIDAD Y LA PROTECCI\u00d3N DE DATOS DE QUIENES INTERACTUAN EN NUESTRAS PLATAFORMAS, APLICACIONES, SITIOS, ETC. ADEMAS DE ESTABLECER LAS REGLAS PARA ESTOS TRATAMIENTOS. LAS REFERENCIAS DE ESTA POL\u00cdTICA DE PRIVACIDAD SE BASAN EN \u2013 LEY N\u00b0 13.709\/18 \u2013 LEY GENERAL DE PROTECCI\u00d3N DE DATOS PERSONALES.<\/strong><\/p>\n\n\n\n<p>Su privacidad es importante para nosotros en Zeplin. De esta manera, hemos desarrollado esta Pol\u00edtica de Privacidad (\u201cPol\u00edtica\u201d) que establece la forma en que recopilamos, obtenemos, usamos y almacenamos la informaci\u00f3n y los datos que nos conf\u00eda, as\u00ed como la forma en que los protegemos y tratamos. informaci\u00f3n.<\/p>\n\n\n\n<h3 class=\"wp-block-heading\">1. A QUI\u00c9N SE APLICA ESTA POL\u00cdTICA<\/h3>\n\n\n\n<p>Esta Pol\u00edtica se aplica a los usuarios del sitio web https:\/\/www.zeplineng.com (&quot;Sitio web&quot;), as\u00ed como a todos los clientes de Zeplin. Nos gustar\u00eda brindarle toda la informaci\u00f3n que necesita para tomar sus propias decisiones sobre su privacidad, incluido c\u00f3mo puede actualizar, administrar y eliminar esta informaci\u00f3n y usar nuestras herramientas.<\/p>\n\n\n\n<h3 class=\"wp-block-heading\">2. INFORMACI\u00d3N PERSONAL QUE RECOPILAMOS SOBRE USTED<\/h3>\n\n\n\n<p>El t\u00e9rmino &quot;informaci\u00f3n personal&quot; o &quot;datos personales&quot; en esta Pol\u00edtica significa cualquier informaci\u00f3n que se relacione con usted y que nos permita identificarlo, ya sea directamente o cuando se combine con otra informaci\u00f3n que podamos tener.<\/p>\n\n\n\n<h4 class=\"wp-block-heading\">2.1. Podemos obtener su informaci\u00f3n personal en los siguientes casos:<\/h4>\n\n\n\n<ul class=\"wp-block-list\"><li>A trav\u00e9s de sus interacciones con nosotros y con nuestros servicios, como cuando se suscribe o se registra en alertas o campa\u00f1as de Zeplin, solicita informaci\u00f3n a trav\u00e9s de nuestros canales de atenci\u00f3n, visita nuestros stands, interact\u00faa a trav\u00e9s de nuestros sitios web, plataformas o aplicaciones, desea convertirse en socio corredor , o celebrar acuerdos comerciales; Es<\/li><li>A trav\u00e9s de cookies u otras tecnolog\u00edas similares. Puede encontrar m\u00e1s informaci\u00f3n sobre el uso de cookies en nuestro sitio web en la secci\u00f3n &quot;C\u00f3mo usamos las cookies&quot; de esta Pol\u00edtica.<\/li><\/ul>\n\n\n\n<h4 class=\"wp-block-heading\">2.2. Podemos recopilar los siguientes tipos de datos personales:<\/h4>\n\n\n\n<ul class=\"wp-block-list\"><li>Datos de identificaci\u00f3n y contacto: nombre completo, CPF, RG, nacionalidad, estado civil, tel\u00e9fono, correo electr\u00f3nico, domicilio;<\/li><li>Identificar y proteger la informaci\u00f3n de los visitantes digitales, cumplir con las obligaciones legales y prevenir el fraude o cualquier otro riesgo asociado a la navegaci\u00f3n por Internet: Direcci\u00f3n IP, Puerto L\u00f3gico de Origen, Dispositivo y Versi\u00f3n, Geolocalizaci\u00f3n, Registro de acciones con fecha y hora, Pantallas accedidas, ID Sesi\u00f3n y Cookies.<\/li><\/ul>\n\n\n\n<h3 class=\"wp-block-heading\">3. FINALIDAD DEL USO DE LA INFORMACI\u00d3N PERSONAL<\/h3>\n\n\n\n<p>En resumen, utilizamos su informaci\u00f3n personal para los siguientes fines:<\/p>\n\n\n\n<ul class=\"wp-block-list\"><li>Para ejecutar un contrato actual del que usted es parte, con el fin de administrar nuestra relaci\u00f3n, cumplir con sus solicitudes y mejorar nuestros servicios; Para cumplir con nuestras obligaciones legales y reglamentarias, como cumplir con las leyes, reglamentos, resoluciones, solicitudes y requisitos aplicables de las autoridades p\u00fablicas y gubernamentales, o tribunales u otros foros de resoluci\u00f3n de disputas; Cuando nos brinde su consentimiento, respecto del uso de sus datos personales en situaciones que requieran su autorizaci\u00f3n; y Para nuestro inter\u00e9s leg\u00edtimo o el inter\u00e9s leg\u00edtimo de otros, como para personalizar su experiencia con nuestros servicios, con fines de prevenci\u00f3n y protecci\u00f3n de nuestros derechos (como prevenir y descubrir actividades fraudulentas o uso indebido que sea perjudicial para nuestros servicios o que amenace la seguridad de las transacciones), garant\u00eda de seguridad en nuestras instalaciones y stands, entre otros.<\/li><\/ul>\n\n\n\n<p>Si desea obtener m\u00e1s informaci\u00f3n sobre los fines para los que utilizamos su informaci\u00f3n, cont\u00e1ctenos a trav\u00e9s del correo electr\u00f3nico: <a href=\"mailto:contato@zeplin.eng.br\" target=\"_blank\" rel=\"noreferrer noopener\">contato@zeplin.eng.br<\/a>.<\/p>\n\n\n\n<h3 class=\"wp-block-heading\">4. COMPARTIR O TRANSFERIR INFORMACI\u00d3N<\/h3>\n\n\n\n<p>Podemos compartir su informaci\u00f3n personal con:<\/p>\n\n\n\n<ul class=\"wp-block-list\"><li>Otras empresas del Grupo Zeplin;<\/li><li>La empresa que presta servicios de desarrollo y soporte de este Sitio, con el prop\u00f3sito espec\u00edfico de administrarlo y mantener su calidad y seguridad;<\/li><li>Autoridades gubernamentales, agencias reguladoras u otras autoridades p\u00fablicas de las que tengamos responsabilidad.<\/li><\/ul>\n\n\n\n<p>Compartir servir\u00e1 para los fines establecidos en esta Pol\u00edtica, incluida la contrataci\u00f3n de proveedores de servicios o subcontratistas de terceros, que pueden actuar como agentes de procesamiento de su informaci\u00f3n personal, incluso para fines de procesamiento, alojamiento y almacenamiento de datos, para ejecutar el contrato en el manera m\u00e1s eficiente, o para cumplir con obligaciones legales espec\u00edficas a las que estamos sujetos.<\/p>\n\n\n\n<p>En este proceso, adoptamos las medidas oportunas para garantizar la seguridad de los datos de car\u00e1cter personal y evitar su alteraci\u00f3n, p\u00e9rdida, tratamiento o acceso no autorizado. Cl\u00e1usulas contractuales espec\u00edficas y otros mecanismos de transferencia legalmente aceptables est\u00e1n vigentes e implementados en nuestros procedimientos para proteger la informaci\u00f3n. P\u00f3ngase en contacto con nosotros si desea obtener m\u00e1s informaci\u00f3n sobre las medidas de seguridad adoptadas por Zeplin.<\/p>\n\n\n\n<h4 class=\"wp-block-heading\">4.1. Sin compartir No compartimos sus Datos personales con otros terceros que no se especifican aqu\u00ed. Para preservar la privacidad y los datos de nuestros clientes, divulgamos la lista de socios externos, para que nuestros clientes puedan contactarnos si est\u00e1n interesados.<\/h4>\n\n\n\n<h3 class=\"wp-block-heading\">5. \u00bfCU\u00c1NTO TIEMPO CONSERVAMOS SU INFORMACI\u00d3N PERSONAL?<\/h3>\n\n\n\n<p>Utilizaremos y almacenaremos su informaci\u00f3n personal durante el tiempo que sea necesario para cumplir con los fines legales, contractuales y comerciales de Zeplin, incluida la duraci\u00f3n de su relaci\u00f3n con nosotros y durante el per\u00edodo necesario a partir de entonces para tener en cuenta cualquier obligaci\u00f3n legal, contractual o comercial. en curso (por ejemplo, con fines de auditor\u00eda interna, para cumplir con los requisitos reglamentarios relacionados con la retenci\u00f3n de informaci\u00f3n o para responder a las solicitudes de las autoridades gubernamentales) y el tiempo necesario para respaldar cualquier reclamo legal.<\/p>\n\n\n\n<p>Zeplin declara que implementa y actualiza continuamente medidas de seguridad administrativas, t\u00e9cnicas y f\u00edsicas para proteger la informaci\u00f3n contra el acceso no autorizado, p\u00e9rdida, destrucci\u00f3n o alteraci\u00f3n de la misma.<\/p>\n\n\n\n<h3 class=\"wp-block-heading\">6. SABER C\u00d3MO PROTEGER SUS DATOS<\/h3>\n\n\n\n<p>6.1. NO DIVULGUE NI COMPARTA SU CONTRASE\u00d1A: usted tambi\u00e9n es responsable de la confidencialidad de sus datos personales y siempre debe tener en cuenta que compartir contrase\u00f1as y datos de acceso podr\u00eda comprometer la seguridad de sus datos. Es fundamental que protejas tus datos contra accesos no autorizados a tu ordenador, adem\u00e1s de asegurarte de hacer clic siempre en \u201csalir\u201d cuando termines de navegar en cualquier equipo compartido.<\/p>\n\n\n\n<p>6.2. ENLACES EXTERNOS: Nuestro Sitio contiene enlaces a sitios web o aplicaciones de terceros. Sin embargo, una vez que utilice estos enlaces para abandonar nuestro Sitio, debe tener en cuenta que ya no tenemos control sobre dichas plataformas. Le recomendamos que lea y revise las pol\u00edticas de privacidad y los t\u00e9rminos que se aplican a las mismas.<\/p>\n\n\n\n<h3 class=\"wp-block-heading\">7. SUS DERECHOS<\/h3>\n\n\n\n<p>Tiene derecho a obtener de Zeplin, en relaci\u00f3n con los datos tratados, en cualquier momento y previa solicitud:<\/p>\n\n\n\n<ul class=\"wp-block-list\"><li>Derecho de confirmaci\u00f3n y acceso: obtener detalles de la informaci\u00f3n personal utilizada por nosotros.<\/li><li>Derecho de rectificaci\u00f3n: rectificar, complementar o actualizar sus datos.<\/li><li>Derecho a la anonimizaci\u00f3n, bloqueo o borrado: solicitar que sus datos sean restringidos o borrados, en los casos en que esta solicitud no restrinja nuestros derechos de conservar los datos seg\u00fan lo permita la ley.<\/li><li>Derecho de portabilidad: solicitar la transferencia de su informaci\u00f3n personal.<\/li><li>Derecho a la informaci\u00f3n sobre el intercambio: solicitar informaci\u00f3n sobre las entidades con las que compartimos sus datos.<\/li><li>Derecho a revocar su consentimiento: administrar sus preferencias de marketing a trav\u00e9s de los enlaces para darse de baja en las comunicaciones que recibe de nosotros, as\u00ed como retirar cualquier consentimiento que nos haya otorgado para manejar su informaci\u00f3n personal.<\/li><\/ul>\n\n\n\n<p>Tenga en cuenta que no todos los derechos anteriores pueden aplicarse en todos los casos. Puede realizar cualquier solicitud que desee a trav\u00e9s de nuestro canal de contacto indicado al final de esta Pol\u00edtica.<\/p>\n\n\n\n<h3 class=\"wp-block-heading\">8. C\u00d3MO UTILIZAMOS LAS COOKIES<\/h3>\n\n\n\n<p>Zeplin utiliza cookies y otras tecnolog\u00edas de seguimiento similares en su Sitio para recopilar informaci\u00f3n sobre sus actividades en l\u00ednea para mejorar la usabilidad del Sitio y optimizar su experiencia de navegaci\u00f3n. Las cookies son peque\u00f1os archivos de texto que se colocan en una computadora o dispositivo para identificar al usuario y recopilar informaci\u00f3n, que var\u00eda seg\u00fan la funci\u00f3n y el prop\u00f3sito de las cookies utilizadas.<\/p>\n\n\n\n<p>Puede administrar las cookies del Sitio (excepto las cookies necesarias) cambiando la configuraci\u00f3n de su navegador para aceptar, rechazar o deshabilitar las cookies. Sin embargo, es posible que algunas funciones y caracter\u00edsticas del Sitio no funcionen correctamente debido a este cambio, lo que perjudica su experiencia de navegaci\u00f3n en el Sitio.<\/p>\n\n\n\n<h3 class=\"wp-block-heading\">9. CAMBIOS A ESTA POL\u00cdTICA DE PRIVACIDAD<\/h3>\n\n\n\n<p>Es posible que hagamos cambios a esta Pol\u00edtica de vez en cuando. Cualquier nueva versi\u00f3n de esta Pol\u00edtica ser\u00e1 debidamente actualizada en los canales de comunicaci\u00f3n de Zeplin.<\/p>","protected":false},"excerpt":{"rendered":"<p>ZEPLIN FAZ A DIVULGA\u00c7\u00c3O DESSA POL\u00cdTICA COMPROVANDO A OBRIGA\u00c7\u00c3O DA COMPANHIA COM A PRIVACIDADE E PROTE\u00c7\u00c3O DE DADOS DE QUEM INTERAGE EM NOSSAS PLATAFORMAS, APLICATIVOS, SITES, ETC. AL\u00c9M DE ESTABELECER AS REGRAS DESTES TRATAMENTOS. AS REFER\u00caNCIAS DESTA POL\u00cdTICA DE PRIVACIDADE T\u00caM COMO BASE A &#8211; LEI N\u00ba 13.709\/18 &#8211; LEI GERAL DE PROTE\u00c7\u00c3O DE DADOS [&hellip;]<\/p>","protected":false},"author":1,"featured_media":0,"parent":0,"menu_order":0,"comment_status":"closed","ping_status":"closed","template":"","meta":{"footnotes":""},"class_list":["post-731","page","type-page","status-publish","hentry"],"acf":[],"yoast_head":"<!-- This site is optimized with the Yoast SEO plugin v24.3 - https:\/\/yoast.com\/wordpress\/plugins\/seo\/ -->\n<title>Pol\u00edtica de Privacidade - ZEPLIN Engineering Solutions<\/title>\n<meta name=\"robots\" content=\"index, follow, max-snippet:-1, max-image-preview:large, max-video-preview:-1\" \/>\n<link rel=\"canonical\" href=\"https:\/\/zeplineng.com.br\/es\/politica-de-privacidade\/\" \/>\n<meta property=\"og:locale\" content=\"es_ES\" \/>\n<meta property=\"og:type\" content=\"article\" \/>\n<meta property=\"og:title\" content=\"Pol\u00edtica de Privacidade - ZEPLIN Engineering Solutions\" \/>\n<meta property=\"og:description\" content=\"ZEPLIN FAZ A DIVULGA\u00c7\u00c3O DESSA POL\u00cdTICA COMPROVANDO A OBRIGA\u00c7\u00c3O DA COMPANHIA COM A PRIVACIDADE E PROTE\u00c7\u00c3O DE DADOS DE QUEM INTERAGE EM NOSSAS PLATAFORMAS, APLICATIVOS, SITES, ETC. AL\u00c9M DE ESTABELECER AS REGRAS DESTES TRATAMENTOS. AS REFER\u00caNCIAS DESTA POL\u00cdTICA DE PRIVACIDADE T\u00caM COMO BASE A &#8211; LEI N\u00ba 13.709\/18 &#8211; LEI GERAL DE PROTE\u00c7\u00c3O DE DADOS [&hellip;]\" \/>\n<meta property=\"og:url\" content=\"https:\/\/zeplineng.com.br\/es\/politica-de-privacidade\/\" \/>\n<meta property=\"og:site_name\" content=\"ZEPLIN Engineering Solutions\" \/>\n<meta property=\"article:modified_time\" content=\"2022-08-19T17:03:24+00:00\" \/>\n<meta name=\"twitter:card\" content=\"summary_large_image\" \/>\n<meta name=\"twitter:label1\" content=\"Tiempo de lectura\" \/>\n\t<meta name=\"twitter:data1\" content=\"8 minutos\" \/>\n<script type=\"application\/ld+json\" class=\"yoast-schema-graph\">{\"@context\":\"https:\/\/schema.org\",\"@graph\":[{\"@type\":\"WebPage\",\"@id\":\"https:\/\/zeplineng.com.br\/politica-de-privacidade\/\",\"url\":\"https:\/\/zeplineng.com.br\/politica-de-privacidade\/\",\"name\":\"Pol\u00edtica de Privacidade - ZEPLIN Engineering Solutions\",\"isPartOf\":{\"@id\":\"https:\/\/zeplineng.com.br\/#website\"},\"datePublished\":\"2022-08-19T16:34:13+00:00\",\"dateModified\":\"2022-08-19T17:03:24+00:00\",\"breadcrumb\":{\"@id\":\"https:\/\/zeplineng.com.br\/politica-de-privacidade\/#breadcrumb\"},\"inLanguage\":\"es\",\"potentialAction\":[{\"@type\":\"ReadAction\",\"target\":[\"https:\/\/zeplineng.com.br\/politica-de-privacidade\/\"]}]},{\"@type\":\"BreadcrumbList\",\"@id\":\"https:\/\/zeplineng.com.br\/politica-de-privacidade\/#breadcrumb\",\"itemListElement\":[{\"@type\":\"ListItem\",\"position\":1,\"name\":\"In\u00edcio\",\"item\":\"https:\/\/zeplineng.com.br\/\"},{\"@type\":\"ListItem\",\"position\":2,\"name\":\"Pol\u00edtica de Privacidade\"}]},{\"@type\":\"WebSite\",\"@id\":\"https:\/\/zeplineng.com.br\/#website\",\"url\":\"https:\/\/zeplineng.com.br\/\",\"name\":\"ZEPLIN Engineering Solutions\",\"description\":\"Com sede no Parque da Cidade Office, na cidade de S\u00e3o Paulo\/SP, e com filial em Itapema\/SC, a Zeplin nasceu da uni\u00e3o de dois profissionais com expressiva experi\u00eancia em projetos de not\u00e1vel porte e complexidade, com carreiras desenvolvidas em escrit\u00f3rios destacados, de atua\u00e7\u00e3o e abrang\u00eancia nacional.\",\"potentialAction\":[{\"@type\":\"SearchAction\",\"target\":{\"@type\":\"EntryPoint\",\"urlTemplate\":\"https:\/\/zeplineng.com.br\/?s={search_term_string}\"},\"query-input\":{\"@type\":\"PropertyValueSpecification\",\"valueRequired\":true,\"valueName\":\"search_term_string\"}}],\"inLanguage\":\"es\"}]}<\/script>\n<!-- \/ Yoast SEO plugin. -->","yoast_head_json":{"title":"Pol\u00edtica de Privacidade - ZEPLIN Engineering Solutions","robots":{"index":"index","follow":"follow","max-snippet":"max-snippet:-1","max-image-preview":"max-image-preview:large","max-video-preview":"max-video-preview:-1"},"canonical":"https:\/\/zeplineng.com.br\/es\/politica-de-privacidade\/","og_locale":"es_ES","og_type":"article","og_title":"Pol\u00edtica de Privacidade - ZEPLIN Engineering Solutions","og_description":"ZEPLIN FAZ A DIVULGA\u00c7\u00c3O DESSA POL\u00cdTICA COMPROVANDO A OBRIGA\u00c7\u00c3O DA COMPANHIA COM A PRIVACIDADE E PROTE\u00c7\u00c3O DE DADOS DE QUEM INTERAGE EM NOSSAS PLATAFORMAS, APLICATIVOS, SITES, ETC. AL\u00c9M DE ESTABELECER AS REGRAS DESTES TRATAMENTOS. AS REFER\u00caNCIAS DESTA POL\u00cdTICA DE PRIVACIDADE T\u00caM COMO BASE A &#8211; LEI N\u00ba 13.709\/18 &#8211; LEI GERAL DE PROTE\u00c7\u00c3O DE DADOS [&hellip;]","og_url":"https:\/\/zeplineng.com.br\/es\/politica-de-privacidade\/","og_site_name":"ZEPLIN Engineering Solutions","article_modified_time":"2022-08-19T17:03:24+00:00","twitter_card":"summary_large_image","twitter_misc":{"Tiempo de lectura":"8 minutos"},"schema":{"@context":"https:\/\/schema.org","@graph":[{"@type":"WebPage","@id":"https:\/\/zeplineng.com.br\/politica-de-privacidade\/","url":"https:\/\/zeplineng.com.br\/politica-de-privacidade\/","name":"Pol\u00edtica de Privacidade - ZEPLIN Engineering Solutions","isPartOf":{"@id":"https:\/\/zeplineng.com.br\/#website"},"datePublished":"2022-08-19T16:34:13+00:00","dateModified":"2022-08-19T17:03:24+00:00","breadcrumb":{"@id":"https:\/\/zeplineng.com.br\/politica-de-privacidade\/#breadcrumb"},"inLanguage":"es","potentialAction":[{"@type":"ReadAction","target":["https:\/\/zeplineng.com.br\/politica-de-privacidade\/"]}]},{"@type":"BreadcrumbList","@id":"https:\/\/zeplineng.com.br\/politica-de-privacidade\/#breadcrumb","itemListElement":[{"@type":"ListItem","position":1,"name":"In\u00edcio","item":"https:\/\/zeplineng.com.br\/"},{"@type":"ListItem","position":2,"name":"Pol\u00edtica de Privacidade"}]},{"@type":"WebSite","@id":"https:\/\/zeplineng.com.br\/#website","url":"https:\/\/zeplineng.com.br\/","name":"ZEPLIN Engineering Solutions","description":"Com sede no Parque da Cidade Office, na cidade de S\u00e3o Paulo\/SP, e com filial em Itapema\/SC, a Zeplin nasceu da uni\u00e3o de dois profissionais com expressiva experi\u00eancia em projetos de not\u00e1vel porte e complexidade, com carreiras desenvolvidas em escrit\u00f3rios destacados, de atua\u00e7\u00e3o e abrang\u00eancia nacional.","potentialAction":[{"@type":"SearchAction","target":{"@type":"EntryPoint","urlTemplate":"https:\/\/zeplineng.com.br\/?s={search_term_string}"},"query-input":{"@type":"PropertyValueSpecification","valueRequired":true,"valueName":"search_term_string"}}],"inLanguage":"es"}]}},"_links":{"self":[{"href":"https:\/\/zeplineng.com.br\/es\/wp-json\/wp\/v2\/pages\/731","targetHints":{"allow":["GET"]}}],"collection":[{"href":"https:\/\/zeplineng.com.br\/es\/wp-json\/wp\/v2\/pages"}],"about":[{"href":"https:\/\/zeplineng.com.br\/es\/wp-json\/wp\/v2\/types\/page"}],"author":[{"embeddable":true,"href":"https:\/\/zeplineng.com.br\/es\/wp-json\/wp\/v2\/users\/1"}],"replies":[{"embeddable":true,"href":"https:\/\/zeplineng.com.br\/es\/wp-json\/wp\/v2\/comments?post=731"}],"version-history":[{"count":13,"href":"https:\/\/zeplineng.com.br\/es\/wp-json\/wp\/v2\/pages\/731\/revisions"}],"predecessor-version":[{"id":752,"href":"https:\/\/zeplineng.com.br\/es\/wp-json\/wp\/v2\/pages\/731\/revisions\/752"}],"wp:attachment":[{"href":"https:\/\/zeplineng.com.br\/es\/wp-json\/wp\/v2\/media?parent=731"}],"curies":[{"name":"wp","href":"https:\/\/api.w.org\/{rel}","templated":true}]}}